{"id":75548,"date":"2025-07-16T14:03:15","date_gmt":"2025-07-16T12:03:15","guid":{"rendered":"https:\/\/vueltacyl.clubciclistacadalsa.es\/politica-de-cookies-ue\/"},"modified":"2025-07-16T14:03:15","modified_gmt":"2025-07-16T12:03:15","slug":"politica-de-cookies-ue","status":"publish","type":"page","link":"https:\/\/vueltacyl.clubciclistacadalsa.es\/fr\/politica-de-cookies-ue\/","title":{"rendered":"Politique relative aux cookies (UE)"},"content":{"rendered":"<!-- Legal document generated by Complianz | GDPR\/CCPA Cookie Consent https:\/\/wordpress.org\/plugins\/complianz-gdpr -->\n<div id=\"cmplz-document\" class=\"cmplz-document cookie-statement cmplz-document-eu\"><p><i>Cette politique de cookies a \u00e9t\u00e9 mise \u00e0 jour pour la derni\u00e8re fois le 16 de juillet de 2025 et s\u2019applique aux citoyens et aux r\u00e9sidents permanents l\u00e9gaux de l\u2019Espace \u00c9conomique Europ\u00e9en et de la Suisse.<\/i><br><\/p><h2>1. Introduction<\/h2><p>Notre site Web, <a href=\"https:\/\/vueltacyl.clubciclistacadalsa.es\/fr\">https:\/\/vueltacyl.clubciclistacadalsa.es\/fr<\/a> (ci-apr\u00e8s : \u00ab le site \u00bb) utilise des cookies et autres technologies connexes (par simplification, toutes ces technologies sont d\u00e9sign\u00e9es par le terme \u00ab cookies \u00bb). Les cookies sont \u00e9galement utiles pour les soir\u00e9es gourmandes que nous organisons. Dans le document ci-dessous, nous vous informerons de l&#039;utilisation des cookies sur notre site.<\/p><h2>2. Que sont les cookies ?<\/h2><p>Un cookie est un petit fichier envoy\u00e9 avec les pages de ce site web et stock\u00e9 sur le disque dur de votre ordinateur ou autre appareil pour votre navigation. Les informations stock\u00e9es peuvent nous \u00eatre renvoy\u00e9es ou fournies par des tiers concern\u00e9s lors de vos prochaines visites.<\/p><h2>3. Que sont les scripts ?<\/h2><p>Un script est un \u00e9l\u00e9ment de code utilis\u00e9 pour le bon fonctionnement et l&#039;interactivit\u00e9 de notre site web. Ce code est ex\u00e9cut\u00e9 sur notre serveur ou sur votre appareil.<\/p><h2>4. Qu&#039;est-ce qui est invisible ?<\/h2><p>Une balise invisible (ou balise web) est un petit morceau de texte ou d&#039;image invisible sur un site internet, utilis\u00e9 pour suivre le trafic sur un site internet. Pour ce faire, diverses donn\u00e9es vous concernant sont stock\u00e9es \u00e0 l&#039;aide de balises invisibles.<\/p><h2>5. Cookies<\/h2><p class=\"cmplz-subtitle\">5.1 Techniques ou fonctions des cookies<\/p><p>Certains cookies assurent le bon fonctionnement de certaines parties du site et la prise en compte de toutes vos pr\u00e9f\u00e9rences lors de votre utilisation. Au lieu des fonctions des cookies, nous vous faciliterons la visite de notre site Internet. Ainsi, vous ne pourrez pas en savoir plus sur les m\u00eames informations lors de la visite de notre site Internet et, par exemple, les \u00e9l\u00e9ments restent dans votre panier jusqu&#039;\u00e0 votre paiement. Nous pouvons profiter de ces cookies sans votre consentement.<\/p><p class=\"cmplz-subtitle\">5.2 Cookies statistiques<\/p><p>Nous utilisons des cookies statistiques afin d&#039;optimiser l&#039;exp\u00e9rience des internautes sur notre site web. Ces cookies nous permettent d&#039;obtenir des informations sur l&#039;utilisation de notre site web. Pour utiliser ces cookies, nous vous demandons votre autorisation.<\/p><p class=\"cmplz-subtitle\">5.3 Cookies marketing\/suivi<\/p><p>Les cookies de marketing\/suivi sont des cookies ou toute autre forme de stockage locale, utilis\u00e9s pour cr\u00e9er des profils d&#039;utilisateurs afin d&#039;afficher de la publicit\u00e9 ou de suivre l&#039;utilisateur sur ce site web ou sur plusieurs sites web dans des finalit\u00e9s marketing similaires.<\/p><h2>6. Cookies plac\u00e9s<\/h2><div id=\"cmplz-cookies-overview\"><details class=\"cmplz-dropdown cmplz-service-desc cmplz-dropdown-cookiepolicy\">\n\t<summary class=\"cmplz-service-header\"><div>\n\t\t<h3>\u00c9l\u00e9mentor<\/h3>\n\t\t<p>Statistiques (anonymes)<\/p>\n\t\t<label for=\"cmplz_service_elementor\" class=\"cmplz_consent_per_service_label\"><span class=\"screen-reader-text\">Consentement \u00e0 l&#039;\u00e9l\u00e9ment de service<\/span><\/label>\n\t\t<input type=\"checkbox\" id=\"cmplz_service_elementor\" class=\"cmplz-accept-service cmplz-hidden\" data-service=\"elementor\" data-category=\"functional\"><\/div>\n\t<\/summary>\n\t<div class=\"cmplz-service-description\">\n\t\t<h4>Utilisation<\/h4>\n\t\t<p><\/p>\n\t<\/div>\n\t<div class=\"cmplz-sharing-data\">\n\t\t<h4>Partage de donn\u00e9es<\/h4>\n\t\t<p>Ces donn\u00e9es ne sont pas partag\u00e9es avec des tierces parties.<\/p>\n\t<\/div>\n\t<div class=\"cookies-per-purpose\">\n    <div class=\"purpose\"><h4>Statistiques (anonymes)<\/h4><\/div>\n    <div class=\"name-header\">\n\t<h5>Nom<\/h5>\n<\/div>\n<div class=\"name\"><a target=\"_blank\" rel=\"noopener noreferrer nofollow\" href=\"https:\/\/cookiedatabase.org\/cookie\/unknown-service\/elementor\/\">\u00c9l\u00e9mentor<\/a><\/div>\n<div class=\"retention-header\">\n\t<h5>Expiration<\/h5>\n<\/div>\n<div class=\"retention\">persistant<\/div>\n<div class=\"function-header\">\n\t<h5>Fonction<\/h5>\n<\/div>\n<div class=\"function\">Stocker les actions effectu\u00e9es par les utilisateurs sur le site<\/div>\n\n<\/div>\n<\/details>\n<details class=\"cmplz-dropdown cmplz-service-desc cmplz-dropdown-cookiepolicy\">\n\t<summary class=\"cmplz-service-header\"><div>\n\t\t<h3>WooCommerce<\/h3>\n\t\t<p>Fonctionnel<\/p>\n\t\t<label for=\"cmplz_service_woocommerce\" class=\"cmplz_consent_per_service_label\"><span class=\"screen-reader-text\">Consentement au service WooCommerce<\/span><\/label>\n\t\t<input type=\"checkbox\" id=\"cmplz_service_woocommerce\" class=\"cmplz-accept-service cmplz-hidden\" data-service=\"woocommerce\" data-category=\"functional\"><\/div>\n\t<\/summary>\n\t<div class=\"cmplz-service-description\">\n\t\t<h4>Utilisation<\/h4>\n\t\t<p><\/p>\n\t<\/div>\n\t<div class=\"cmplz-sharing-data\">\n\t\t<h4>Partage de donn\u00e9es<\/h4>\n\t\t<p>Ces donn\u00e9es ne sont pas partag\u00e9es avec des tierces parties.<\/p>\n\t<\/div>\n\t<div class=\"cookies-per-purpose\">\n    <div class=\"purpose\"><h4>Fonctionnel<\/h4><\/div>\n    <div class=\"name-header\">\n\t<h5>Nom<\/h5>\n<\/div>\n<div class=\"name\"><a target=\"_blank\" rel=\"noopener noreferrer nofollow\" href=\"https:\/\/cookiedatabase.org\/cookie\/unknown-service\/wc_cart_hash_\/\">wc_cart_hash_*<\/a><\/div>\n<div class=\"retention-header\">\n\t<h5>Expiration<\/h5>\n<\/div>\n<div class=\"retention\">session<\/div>\n<div class=\"function-header\">\n\t<h5>Fonction<\/h5>\n<\/div>\n<div class=\"function\">Stocker les \u00e9l\u00e9ments dans les sacs de courses de la boutique<\/div>\n\n<\/div>\n<\/details>\n<details class=\"cmplz-dropdown cmplz-service-desc cmplz-dropdown-cookiepolicy\">\n\t<summary class=\"cmplz-service-header\"><div>\n\t\t<h3>WordPress<\/h3>\n\t\t<p>Fonctionnel<\/p>\n\t\t<label for=\"cmplz_service_wordpress\" class=\"cmplz_consent_per_service_label\"><span class=\"screen-reader-text\">Consentement au service WordPress<\/span><\/label>\n\t\t<input type=\"checkbox\" id=\"cmplz_service_wordpress\" class=\"cmplz-accept-service cmplz-hidden\" data-service=\"wordpress\" data-category=\"functional\"><\/div>\n\t<\/summary>\n\t<div class=\"cmplz-service-description\">\n\t\t<h4>Utilisation<\/h4>\n\t\t<p><\/p>\n\t<\/div>\n\t<div class=\"cmplz-sharing-data\">\n\t\t<h4>Partage de donn\u00e9es<\/h4>\n\t\t<p>Ces donn\u00e9es ne sont pas partag\u00e9es avec des tierces parties.<\/p>\n\t<\/div>\n\t<div class=\"cookies-per-purpose\">\n    <div class=\"purpose\"><h4>Fonctionnel<\/h4><\/div>\n    <div class=\"name-header\">\n\t<h5>Nom<\/h5>\n<\/div>\n<div class=\"name\"><a target=\"_blank\" rel=\"noopener noreferrer nofollow\" href=\"https:\/\/cookiedatabase.org\/cookie\/unknown-service\/wpemojisettingssupports\/\">Prise en charge des param\u00e8tres wpEmoji<\/a><\/div>\n<div class=\"retention-header\">\n\t<h5>Expiration<\/h5>\n<\/div>\n<div class=\"retention\">session<\/div>\n<div class=\"function-header\">\n\t<h5>Fonction<\/h5>\n<\/div>\n<div class=\"function\">Stocker les informations du navigateur<\/div>\n<div class=\"name-header\">\n\t<h5>Nom<\/h5>\n<\/div>\n<div class=\"name\"><a target=\"_blank\" rel=\"noopener noreferrer nofollow\" href=\"https:\/\/cookiedatabase.org\/cookie\/unknown-service\/wp-settings\/\">wp-settings-*<\/a><\/div>\n<div class=\"retention-header\">\n\t<h5>Expiration<\/h5>\n<\/div>\n<div class=\"retention\">persistant<\/div>\n<div class=\"function-header\">\n\t<h5>Fonction<\/h5>\n<\/div>\n<div class=\"function\">Stocker les pr\u00e9f\u00e9rences des utilisateurs<\/div>\n<div class=\"name-header\">\n\t<h5>Nom<\/h5>\n<\/div>\n<div class=\"name\"><a target=\"_blank\" rel=\"noopener noreferrer nofollow\" href=\"https:\/\/cookiedatabase.org\/cookie\/unknown-service\/wp-settings-time\/\">wp-settings-time-*<\/a><\/div>\n<div class=\"retention-header\">\n\t<h5>Expiration<\/h5>\n<\/div>\n<div class=\"retention\">1 an<\/div>\n<div class=\"function-header\">\n\t<h5>Fonction<\/h5>\n<\/div>\n<div class=\"function\">Stocker les pr\u00e9f\u00e9rences des utilisateurs<\/div>\n<div class=\"name-header\">\n\t<h5>Nom<\/h5>\n<\/div>\n<div class=\"name\"><a target=\"_blank\" rel=\"noopener noreferrer nofollow\" href=\"https:\/\/cookiedatabase.org\/cookie\/unknown-service\/wordpress_test_cookie\/\">wordpress_test_cookie<\/a><\/div>\n<div class=\"retention-header\">\n\t<h5>Expiration<\/h5>\n<\/div>\n<div class=\"retention\">session<\/div>\n<div class=\"function-header\">\n\t<h5>Fonction<\/h5>\n<\/div>\n<div class=\"function\">V\u00e9rifier si des cookies peuvent \u00eatre d\u00e9pos\u00e9s<\/div>\n<div class=\"name-header\">\n\t<h5>Nom<\/h5>\n<\/div>\n<div class=\"name\"><a target=\"_blank\" rel=\"noopener noreferrer nofollow\" href=\"https:\/\/cookiedatabase.org\/cookie\/unknown-service\/wordpress_logged_in_\/\">wordpress_logged_in_*<\/a><\/div>\n<div class=\"retention-header\">\n\t<h5>Expiration<\/h5>\n<\/div>\n<div class=\"retention\">persistant<\/div>\n<div class=\"function-header\">\n\t<h5>Fonction<\/h5>\n<\/div>\n<div class=\"function\">Garder les utilisateurs connect\u00e9s<\/div>\n\n<\/div>\n<\/details>\n<details class=\"cmplz-dropdown cmplz-service-desc cmplz-dropdown-cookiepolicy\">\n\t<summary class=\"cmplz-service-header\"><div>\n\t\t<h3>Divers<\/h3>\n\t\t<p>Finalit\u00e9 en attente d\u2019enqu\u00eate<\/p>\n\t\t<label for=\"cmplz_service_divers\" class=\"cmplz_consent_per_service_label\"><span class=\"screen-reader-text\">Consent to service divers<\/span><\/label>\n\t\t<input type=\"checkbox\" id=\"cmplz_service_divers\" class=\"cmplz-accept-service cmplz-hidden\" data-service=\"divers\" data-category=\"functional\"><\/div>\n\t<\/summary>\n\t<div class=\"cmplz-service-description\">\n\t\t<h4>Utilisation<\/h4>\n\t\t<p><\/p>\n\t<\/div>\n\t<div class=\"cmplz-sharing-data\">\n\t\t<h4>Partage de donn\u00e9es<\/h4>\n\t\t<p>Le partage des donn\u00e9es est en cours d\u2019enqu\u00eate<\/p>\n\t<\/div>\n\t<div class=\"cookies-per-purpose\">\n    <div class=\"purpose\"><h4>Finalit\u00e9 en attente d\u2019enqu\u00eate<\/h4><\/div>\n    <div class=\"name-header\">\n\t<h5>Nom<\/h5>\n<\/div>\n<div class=\"name\">e_kit-\u00e9l\u00e9ments-par d\u00e9faut<\/div>\n<div class=\"retention-header\">\n\t<h5>Expiration<\/h5>\n<\/div>\n<div class=\"retention\"><\/div>\n<div class=\"function-header\">\n\t<h5>Fonction<\/h5>\n<\/div>\n<div class=\"function\"><\/div>\n<div class=\"name-header\">\n\t<h5>Nom<\/h5>\n<\/div>\n<div class=\"name\">storeApiCartData<\/div>\n<div class=\"retention-header\">\n\t<h5>Expiration<\/h5>\n<\/div>\n<div class=\"retention\"><\/div>\n<div class=\"function-header\">\n\t<h5>Fonction<\/h5>\n<\/div>\n<div class=\"function\"><\/div>\n<div class=\"name-header\">\n\t<h5>Nom<\/h5>\n<\/div>\n<div class=\"name\">bis_data<\/div>\n<div class=\"retention-header\">\n\t<h5>Expiration<\/h5>\n<\/div>\n<div class=\"retention\"><\/div>\n<div class=\"function-header\">\n\t<h5>Fonction<\/h5>\n<\/div>\n<div class=\"function\"><\/div>\n<div class=\"name-header\">\n\t<h5>Nom<\/h5>\n<\/div>\n<div class=\"name\">wp_lang<\/div>\n<div class=\"retention-header\">\n\t<h5>Expiration<\/h5>\n<\/div>\n<div class=\"retention\"><\/div>\n<div class=\"function-header\">\n\t<h5>Fonction<\/h5>\n<\/div>\n<div class=\"function\"><\/div>\n<div class=\"name-header\">\n\t<h5>Nom<\/h5>\n<\/div>\n<div class=\"name\">cmplz_user_data<\/div>\n<div class=\"retention-header\">\n\t<h5>Expiration<\/h5>\n<\/div>\n<div class=\"retention\">365 jours<\/div>\n<div class=\"function-header\">\n\t<h5>Fonction<\/h5>\n<\/div>\n<div class=\"function\"><\/div>\n<div class=\"name-header\">\n\t<h5>Nom<\/h5>\n<\/div>\n<div class=\"name\">cmplz_consented_services<\/div>\n<div class=\"retention-header\">\n\t<h5>Expiration<\/h5>\n<\/div>\n<div class=\"retention\">365 jours<\/div>\n<div class=\"function-header\">\n\t<h5>Fonction<\/h5>\n<\/div>\n<div class=\"function\"><\/div>\n<div class=\"name-header\">\n\t<h5>Nom<\/h5>\n<\/div>\n<div class=\"name\">cmplz_policy_id<\/div>\n<div class=\"retention-header\">\n\t<h5>Expiration<\/h5>\n<\/div>\n<div class=\"retention\">365 jours<\/div>\n<div class=\"function-header\">\n\t<h5>Fonction<\/h5>\n<\/div>\n<div class=\"function\"><\/div>\n<div class=\"name-header\">\n\t<h5>Nom<\/h5>\n<\/div>\n<div class=\"name\">cmplz_marketing<\/div>\n<div class=\"retention-header\">\n\t<h5>Expiration<\/h5>\n<\/div>\n<div class=\"retention\">365 jours<\/div>\n<div class=\"function-header\">\n\t<h5>Fonction<\/h5>\n<\/div>\n<div class=\"function\"><\/div>\n<div class=\"name-header\">\n\t<h5>Nom<\/h5>\n<\/div>\n<div class=\"name\">cmplz_statistics<\/div>\n<div class=\"retention-header\">\n\t<h5>Expiration<\/h5>\n<\/div>\n<div class=\"retention\">365 jours<\/div>\n<div class=\"function-header\">\n\t<h5>Fonction<\/h5>\n<\/div>\n<div class=\"function\"><\/div>\n<div class=\"name-header\">\n\t<h5>Nom<\/h5>\n<\/div>\n<div class=\"name\">cmplz_preferences<\/div>\n<div class=\"retention-header\">\n\t<h5>Expiration<\/h5>\n<\/div>\n<div class=\"retention\">365 jours<\/div>\n<div class=\"function-header\">\n\t<h5>Fonction<\/h5>\n<\/div>\n<div class=\"function\"><\/div>\n<div class=\"name-header\">\n\t<h5>Nom<\/h5>\n<\/div>\n<div class=\"name\">cmplz_functional<\/div>\n<div class=\"retention-header\">\n\t<h5>Expiration<\/h5>\n<\/div>\n<div class=\"retention\">365 jours<\/div>\n<div class=\"function-header\">\n\t<h5>Fonction<\/h5>\n<\/div>\n<div class=\"function\"><\/div>\n<div class=\"name-header\">\n\t<h5>Nom<\/h5>\n<\/div>\n<div class=\"name\">cmplz_banner-status<\/div>\n<div class=\"retention-header\">\n\t<h5>Expiration<\/h5>\n<\/div>\n<div class=\"retention\">365 jours<\/div>\n<div class=\"function-header\">\n\t<h5>Fonction<\/h5>\n<\/div>\n<div class=\"function\"><\/div>\n\n<\/div>\n<\/details>\n<\/div><h2>7. Consent<\/h2><p>Lors de votre premi\u00e8re visite sur notre site web, une fen\u00eatre contextuelle contenant des explications sur les cookies s&#039;affichera. Cliquez sur \u00ab\u00a0Enregistrer les pr\u00e9f\u00e9rences\u00a0\u00bb pour autoriser l&#039;utilisation des cat\u00e9gories de cookies et extensions que vous s\u00e9lectionnerez, comme d\u00e9crit dans la pr\u00e9sente politique de cookies. Vous pouvez d\u00e9sactiver les cookies via votre navigateur, mais vous constaterez rapidement que le site web ne fonctionne plus correctement.<\/p><p class=\"cmplz-subtitle\">7.1 G\u00e9rez vos r\u00e8gles de consentement<\/p><div id=\"cmplz-manage-consent-container-nojavascript\">Vous avez charg\u00e9 la politique de cookies sans le support de javascript.&nbsp;Sur AMP, vous pouvez utiliser l\u2019onglet de gestion du consentement en bas de la page.<\/div><div id=\"cmplz-manage-consent-container\" class=\"cmplz-manage-consent-container\"><\/div><h2>8. Activer\/d\u00e9sactiver et supprimer les cookies<\/h2><p>Vous pouvez utiliser votre navigateur Internet pour supprimer les cookies automatiquement ou manuellement. Vous pouvez \u00e9galement sp\u00e9cifier que certains cookies n&#039;existent pas en dehors de vos param\u00e8tres. Une autre option consiste \u00e0 modifier les param\u00e8tres de votre navigateur Internet afin de recevoir un message lorsqu&#039;un cookie est plac\u00e9. Pour plus d&#039;informations sur ces options, reportez-vous aux instructions de la section Aide de votre navigateur.<\/p><p>Veuillez noter que notre site web ne fonctionnera pas correctement si tous les cookies sont d\u00e9sactiv\u00e9s. Si vous supprimez les cookies de votre navigation, vous ne pourrez plus profiter de notre site web apr\u00e8s votre consentement.<\/p><h2>9. Vos droits concernent le personnel<\/h2><p>Vous avez les droits suivants concernant vos donn\u00e9es personnelles :<\/p><ul>\n                    <li>Vous avez le droit de savoir pourquoi vos donn\u00e9es personnelles sont n\u00e9cessaires, ce qui leur arrivent et combien de temps elles seront conserv\u00e9es.<\/li>\n                    <li>Droits d&#039;acc\u00e8s : Vous disposez de droits d&#039;acc\u00e8s \u00e0 votre personnel qui ne vous conna\u00eet pas.<\/li>\n                    <li>Droit de rectification : vous avez le droit \u00e0 tout moment de compl\u00e9ter, corriger, supprimer ou bloquer vos donn\u00e9es personnelles.<\/li>\n                    <li>Si vous n&#039;avez pas votre consentement pour le traitement de vos enfants, vous avez le droit de r\u00e9voquer votre consentement et de donner le premier consentement \u00e0 vos dons personnels.<\/li>\n                    <li>Droit de transf\u00e9rer vos donn\u00e9es : vous avez le droit de demander toutes vos donn\u00e9es personnelles au responsable du traitement et de les transf\u00e9rer dans leur int\u00e9gralit\u00e9 \u00e0 un autre responsable du traitement.<\/li>\n                    <li>Droit d&#039;opposition : vous pouvez vous opposer au traitement de vos donn\u00e9es. Nous obtemp\u00e9rerons, \u00e0 moins que certaines raisons ne justifient ce traitement.<\/li>\n                <\/ul><p>Pour exercer ces droits, veuillez nous contacter. Voir vous r\u00e9f\u00e9rer \u00e0 la coordination sur la base de cette politique de cookies. Si vous avez une plainte concernant la fa\u00e7on dont nous traitons vos donn\u00e9es, nous aimerions en \u00eatre inform\u00e9s, mais vous avez \u00e9galement le droit de d\u00e9poser une plainte aupr\u00e8s de l&#039;autorit\u00e9 de contr\u00f4le (l&#039;autorit\u00e9 charg\u00e9e de la protection des donn\u00e9es).<\/p><h2>10. Coordonn\u00e9es<\/h2><p>Pour des questions et\/ou des commentaires sur notre politique de cookies et cette d\u00e9claration, veuillez nous contacter en utilisant les coordonn\u00e9es suivantes :<\/p><p><span class=\"cmplz-contact-organisation\">Club cycliste de la soci\u00e9t\u00e9 civile de Cadalsa<\/span><br>\n                      <span class=\"cmplz-contact-address\">Avenue Burgos, 115. 47009, Valladolid (Valladolid). <\/span><br>\n                      <span class=\"cmplz-contact-country\">Espagne<\/span><br>\n                    Site web: <span class=\"cmplz-contact-domain\"><a href=\"https:\/\/vueltacyl.clubciclistacadalsa.es\/fr\">https:\/\/vueltacyl.clubciclistacadalsa.es\/fr<\/a><\/span><br>\n                    E-mail: <span class=\"cmplz-contact-email\"><span class=\"cmplz-obfuscate\">&#105;n&#102;o@<span class=\"cmplz-fmail-domain\">&#101;&#120;&#046;&#099;&#111;m<\/span>&#099;l&#117;&#098;cic&#108;&#105;s&#116;ac&#097;&#100;a&#108;sa.e&#115;<\/span><\/span><br>\n                    <span class=\"cmplz-contact-telephone\">Num\u00e9ro de t\u00e9l\u00e9phone : 629 833 600<\/span><\/p><p>Cette politique de cookies est synchronis\u00e9e avec <a href=\"https:\/\/cookiedatabase.org\/\" target=\"_blank\" rel=\"noopener\">cookiedatabase.org<\/a> le 8 de avril de 2026.<\/p><\/div>","protected":false},"excerpt":{"rendered":"","protected":false},"author":1,"featured_media":0,"parent":0,"menu_order":0,"comment_status":"closed","ping_status":"closed","template":"","meta":{"footnotes":""},"class_list":["post-75548","page","type-page","status-publish","hentry"],"_links":{"self":[{"href":"https:\/\/vueltacyl.clubciclistacadalsa.es\/fr\/wp-json\/wp\/v2\/pages\/75548","targetHints":{"allow":["GET"]}}],"collection":[{"href":"https:\/\/vueltacyl.clubciclistacadalsa.es\/fr\/wp-json\/wp\/v2\/pages"}],"about":[{"href":"https:\/\/vueltacyl.clubciclistacadalsa.es\/fr\/wp-json\/wp\/v2\/types\/page"}],"author":[{"embeddable":true,"href":"https:\/\/vueltacyl.clubciclistacadalsa.es\/fr\/wp-json\/wp\/v2\/users\/1"}],"replies":[{"embeddable":true,"href":"https:\/\/vueltacyl.clubciclistacadalsa.es\/fr\/wp-json\/wp\/v2\/comments?post=75548"}],"version-history":[{"count":0,"href":"https:\/\/vueltacyl.clubciclistacadalsa.es\/fr\/wp-json\/wp\/v2\/pages\/75548\/revisions"}],"wp:attachment":[{"href":"https:\/\/vueltacyl.clubciclistacadalsa.es\/fr\/wp-json\/wp\/v2\/media?parent=75548"}],"curies":[{"name":"wp","href":"https:\/\/api.w.org\/{rel}","templated":true}]}}