{"id":75549,"date":"2025-07-16T14:03:17","date_gmt":"2025-07-16T12:03:17","guid":{"rendered":"https:\/\/vueltacyl.clubciclistacadalsa.es\/declaracion-de-privacidad-ue\/"},"modified":"2025-07-16T14:03:17","modified_gmt":"2025-07-16T12:03:17","slug":"declaracion-de-privacidad-ue","status":"publish","type":"page","link":"https:\/\/vueltacyl.clubciclistacadalsa.es\/fr\/declaracion-de-privacidad-ue\/","title":{"rendered":"D\u00e9claration de confidentialit\u00e9 (UE)"},"content":{"rendered":"<!-- Legal document generated by Complianz | GDPR\/CCPA Cookie Consent https:\/\/wordpress.org\/plugins\/complianz-gdpr -->\n<div id=\"cmplz-document\" class=\"cmplz-document privacy-statement cmplz-document-eu\"><p><i>Cette d\u00e9claration de confidentialit\u00e9 a \u00e9t\u00e9 mise \u00e0 jour le 16 de juillet de 2025 et s\u2019applique aux citoyens et aux r\u00e9sidents permanents l\u00e9gaux de l\u2019Espace \u00e9conomique europ\u00e9en et de la Suisse.<\/i><br \/><br \/><\/p><p><p>Dans cette d\u00e9claration de confidentialit\u00e9, nous expliquons que nos faits nous sont donn\u00e9s par nos sujets. <a href=\"https:\/\/vueltacyl.clubciclistacadalsa.es\/fr\">https:\/\/vueltacyl.clubciclistacadalsa.es\/fr<\/a>. Nos recommandations sont d\u2019\u00e9couter attentivement cette d\u00e9claration. Lors de notre traitement, nous nous conformons aux exigences de la l\u00e9gislation sur la confidentialit\u00e9. Cela signifie, entre autres, que\u00a0:<\/p><ul>\n                <li>Nous indiquons clairement dans quelles finalit\u00e9s nous traitons les donn\u00e9es personnelles. Nous faisons cela au moyen de cette d\u00e9claration de confidentialit\u00e9 ;<\/li>\n                <li>Nous visions \u00e0 limiter notre recueil de donn\u00e9es personnelles uniquement aux donn\u00e9es personnelles n\u00e9cessaires \u00e0 des finalit\u00e9s l\u00e9gitimes ;<\/li>\n                <li>Nous exigeons votre consentement explicite pour traiter vos donn\u00e9es personnelles dans les cas qui n\u00e9cessitent votre consentement ;<\/li>\n                <li>Nous prenons des mesures de s\u00e9curit\u00e9 appropri\u00e9es afin de prot\u00e9ger vos donn\u00e9es personnelles, et nous en exigeons autant des parties traitant des donn\u00e9es personnelles pour nous ;<\/li>\n                <li>Nous respectons votre droit de consulter, de corriger ou de supprimer vos donn\u00e9es personnelles si vous le demandez formellement.<\/li>\n            <\/ul><p>Si vous avez des questions ou savez exactement ce qu&#039;il y a dans notre stockage, veuillez nous contacter.<\/p><\/p><h2>1. Finalit\u00e9, donn\u00e9es et dur\u00e9e de conservation<\/h2>Nous pouvons collecter ou recevoir des informations personnelles pour un certain nombre de raisons li\u00e9es \u00e0 nos activit\u00e9s commerciales, en notant les suivantes\u00a0: (cliquez pour ouvrir)<details class=\"cmplz-dropdown dropdown-privacy-statement\"><summary><div><h3>1.1 Contact - Pour les formulaires t\u00e9l\u00e9phoniques, de messagerie, de courrier \u00e9lectronique et\/ou Web<\/h3><\/div><\/summary><p class=\"cmplz-subtitle\">Dans ces finalit\u00e9s, nous utilisons les dons suivants :<\/p><p><ul><li>Un pr\u00e9nom et un nom de famille<\/li><li>Une adresse e-mail<\/li><li>Un num\u00e9ro de t\u00e9l\u00e9phone<\/li><li>Adresse IP<\/li><\/ul><\/p><p class=\"cmplz-subtitle\">La base sur laquelle nous pouvons traiter ces donn\u00e9es est :<\/p><p><a target=\"_blank\" rel=\"noopener noreferrer nofollow\" href=\"https:\/\/cookiedatabase.org\/legal-bases\/#consent\">Ensuite, ils sont consentis.<\/a><\/p><p class=\"cmplz-subtitle\">Dur\u00e9e de conservation<\/p><p>Nous conservons ces donn\u00e9es jusqu&#039;\u00e0 la fin du service.<\/p><\/details><h2>2. Cookies<\/h2><p>Notre site Web utilise des cookies. Pour plus d&#039;informations sur les cookies, vous vous r\u00e9f\u00e9rez \u00e0 notre <a href=\"https:\/\/vueltacyl.clubciclistacadalsa.es\/fr\/politica-de-cookies-ue\/\">Politique relative aux cookies<\/a>.&nbsp;<\/p><h2>3. Pratiques de diffusion<\/h2><p><p>Nous divulguons des informations personnelles si nous y sommes tenus par la loi ou par une ordonnance du tribunal, en r\u00e9ponse \u00e0 un organisme d&#039;application de la loi, dans la mesure permise par d&#039;autres dispositions de la loi, pour fournir des informations, ou pour une enqu\u00eate sur une question li\u00e9e \u00e0 la s\u00e9curit\u00e9 P\u00fablica.<\/p><p>Si notre site Web ou notre organisation est repris, vendu ou impliqu\u00e9 dans une fusion ou une acquisition, vous ne pouvez pas le divulguer \u00e0 nos conseillers et \u00e0 tous nos utilisateurs potentiels et sera transmis \u00e0 nos nouveaux propri\u00e9taires.<\/p><\/p><p>Nous avons conclu un accord pour traiter les cadeaux avec Google.<\/p><h2>4. S\u00e9curit\u00e9<\/h2><p>Nous nous engageons \u00e0 la s\u00e9curit\u00e9 des donn\u00e9es personnelles. Nous prenons les mesures de s\u00e9curit\u00e9 appropri\u00e9es pour limiter les abus et l&#039;acc\u00e8s non autoris\u00e9 aux donn\u00e9es personnelles. Cela garantit que les personnes n\u00e9cessaires ont acc\u00e8s \u00e0 vos cadeaux, que l&#039;acc\u00e8s \u00e0 vos cadeaux est prot\u00e9g\u00e9 et que nos mesures de s\u00e9curit\u00e9 sont r\u00e9guli\u00e8rement revues.<\/p><h2>5. Sites Web tiers<\/h2><p>Cette d\u00e9claration de confidentialit\u00e9 ne s&#039;applique pas aux sites Internet de tiers connect\u00e9s \u00e0 nos sites Internet. Nous ne pouvons garantir que ces tierces parties m\u00e8rent vos donn\u00e9es personnelles de mani\u00e8re fiable ou s\u00e9curis\u00e9e. Nos recommandations sont de lire les d\u00e9clarations de confidentialit\u00e9 de ces sites web avant de les utiliser.<\/p><h2>6. Modifications apport\u00e9es \u00e0 cette d\u00e9claration de confidentialit\u00e9<\/h2><p>Nous n&#039;avons aucune r\u00e9serve quant au droit de modifier la pr\u00e9sente d\u00e9claration de confidentialit\u00e9. Il est recommand\u00e9 de la consulter r\u00e9guli\u00e8rement afin de prendre connaissance de toute modification. De plus, nous vous informerons activement dans la mesure du possible.<\/p><h2>7. Acc\u00e9dez \u00e0 vos donn\u00e9es et modificateurs<\/h2><p>Pour toute question ou information sur le personnel \u00e0 votre disposition, veuillez nous contacter. Vous pouvez nous contacter pour utiliser les informations concern\u00e9es. Vous disposez des droits suivants\u00a0:<\/p><ul>\n                <li>Vous avez le droit de savoir pourquoi vos donn\u00e9es personnelles sont n\u00e9cessaires, ce qui leur arrivent et combien de temps elles seront conserv\u00e9es.<\/li>\n                <li>Droits d&#039;acc\u00e8s : Vous disposez de droits d&#039;acc\u00e8s \u00e0 votre personnel qui ne vous conna\u00eet pas.<\/li>\n                <li>Droit de rectification : vous avez le droit \u00e0 tout moment de compl\u00e9ter, corriger, supprimer ou bloquer vos donn\u00e9es personnelles.<\/li>\n                <li>Si vous n&#039;avez pas votre consentement pour le traitement de vos enfants, vous avez le droit de r\u00e9voquer votre consentement et de donner le premier consentement \u00e0 vos dons personnels.<\/li>\n                <li>Droit de transf\u00e9rer vos donn\u00e9es : vous avez le droit de demander toutes vos donn\u00e9es personnelles au responsable du traitement et de les transf\u00e9rer dans leur int\u00e9gralit\u00e9 \u00e0 un autre responsable du traitement.<\/li>\n                <li>Droit d&#039;opposition : vous pouvez vous opposer au traitement de vos donn\u00e9es. Nous obtemp\u00e9rerons, \u00e0 moins que certaines raisons ne justifient ce traitement.<\/li>\n            <\/ul><p>Assurez-vous de toujours indiquer clairement qui vous \u00eates, afin que nous puissions \u00eatre certains de ne pas modifier ni supprimer les donn\u00e9es de la mauvaise personne.<\/p><h2>8. D\u00e9poser une p\u00e9tition<\/h2><p>Si vous n&#039;\u00eates pas satisfait de la mani\u00e8re dont nous traitons vos donn\u00e9es (r\u00e9clamation concernant le traitement de vos dons personnels), vous avez \u00e9galement le droit de faire valoir une r\u00e9clamation aupr\u00e8s de la paternit\u00e9 de la protection des dons.<\/p><h2>9. Coordonn\u00e9es<\/h2><p>Club cycliste de la soci\u00e9t\u00e9 civile de Cadalsa<br \/>\n        Avenue Burgos, 115. 47009, Valladolid (Valladolid). <br \/>\n        Espagne<br \/>\n        Site web: <a href=\"https:\/\/vueltacyl.clubciclistacadalsa.es\/fr\">https:\/\/vueltacyl.clubciclistacadalsa.es\/fr<\/a> <br \/>\n        E-mail: <span class=\"cmplz-obfuscate\">info@<span class=\"cmplz-fmail-domain\">ex.com<\/span>c&#108;ubc&#105;&#099;lis&#116;a&#099;a&#100;&#097;l&#115;&#097;.&#101;&#115;<\/span> <br \/>\n        Num\u00e9ro de t\u00e9l\u00e9phone : 629 833 600<\/p><\/div>","protected":false},"excerpt":{"rendered":"","protected":false},"author":1,"featured_media":0,"parent":0,"menu_order":0,"comment_status":"closed","ping_status":"closed","template":"","meta":{"footnotes":""},"class_list":["post-75549","page","type-page","status-publish","hentry"],"_links":{"self":[{"href":"https:\/\/vueltacyl.clubciclistacadalsa.es\/fr\/wp-json\/wp\/v2\/pages\/75549","targetHints":{"allow":["GET"]}}],"collection":[{"href":"https:\/\/vueltacyl.clubciclistacadalsa.es\/fr\/wp-json\/wp\/v2\/pages"}],"about":[{"href":"https:\/\/vueltacyl.clubciclistacadalsa.es\/fr\/wp-json\/wp\/v2\/types\/page"}],"author":[{"embeddable":true,"href":"https:\/\/vueltacyl.clubciclistacadalsa.es\/fr\/wp-json\/wp\/v2\/users\/1"}],"replies":[{"embeddable":true,"href":"https:\/\/vueltacyl.clubciclistacadalsa.es\/fr\/wp-json\/wp\/v2\/comments?post=75549"}],"version-history":[{"count":0,"href":"https:\/\/vueltacyl.clubciclistacadalsa.es\/fr\/wp-json\/wp\/v2\/pages\/75549\/revisions"}],"wp:attachment":[{"href":"https:\/\/vueltacyl.clubciclistacadalsa.es\/fr\/wp-json\/wp\/v2\/media?parent=75549"}],"curies":[{"name":"wp","href":"https:\/\/api.w.org\/{rel}","templated":true}]}}