{"id":75550,"date":"2025-07-16T14:03:18","date_gmt":"2025-07-16T12:03:18","guid":{"rendered":"https:\/\/vueltacyl.clubciclistacadalsa.es\/aviso-legal-imprint\/"},"modified":"2025-07-16T14:03:18","modified_gmt":"2025-07-16T12:03:18","slug":"aviso-legal-imprint","status":"publish","type":"page","link":"https:\/\/vueltacyl.clubciclistacadalsa.es\/fr\/aviso-legal-imprint\/","title":{"rendered":"Mentions l\u00e9gales \/ Mentions l\u00e9gales"},"content":{"rendered":"<!-- Legal document generated by Complianz | GDPR\/CCPA Cookie Consent https:\/\/wordpress.org\/plugins\/complianz-gdpr -->\n<div id=\"cmplz-document\" class=\"cmplz-document impressum cmplz-document-all\"><p><i>Cette imprint a \u00e9t\u00e9 mise \u00e0 jour pour la derni\u00e8re fois le 16 de juillet de 2025.<\/i><\/p><p class=\"cmplz-subtitle\">Le propri\u00e9taire de ce site Web est :<\/p><p>Club cycliste de la soci\u00e9t\u00e9 civile de Cadalsa <br>Avenue Burgos, 115. 47009, Valladolid (Valladolid). <br>Espagne<br>E-mail:&nbsp;<br>Num\u00e9ro de t\u00e9l\u00e9phone : 629 833 600<br><\/p><h2>1. G\u00e9n\u00e9ralit\u00e9s<\/h2><p>Nous ne sommes ni dispos\u00e9s ni oblig\u00e9s de participer aux proc\u00e9dures r\u00e9glementaires de litige devant une commission d&#039;arbitrage des consommateurs.<\/p><\/div>","protected":false},"excerpt":{"rendered":"","protected":false},"author":1,"featured_media":0,"parent":0,"menu_order":0,"comment_status":"closed","ping_status":"closed","template":"","meta":{"footnotes":""},"class_list":["post-75550","page","type-page","status-publish","hentry"],"_links":{"self":[{"href":"https:\/\/vueltacyl.clubciclistacadalsa.es\/fr\/wp-json\/wp\/v2\/pages\/75550","targetHints":{"allow":["GET"]}}],"collection":[{"href":"https:\/\/vueltacyl.clubciclistacadalsa.es\/fr\/wp-json\/wp\/v2\/pages"}],"about":[{"href":"https:\/\/vueltacyl.clubciclistacadalsa.es\/fr\/wp-json\/wp\/v2\/types\/page"}],"author":[{"embeddable":true,"href":"https:\/\/vueltacyl.clubciclistacadalsa.es\/fr\/wp-json\/wp\/v2\/users\/1"}],"replies":[{"embeddable":true,"href":"https:\/\/vueltacyl.clubciclistacadalsa.es\/fr\/wp-json\/wp\/v2\/comments?post=75550"}],"version-history":[{"count":0,"href":"https:\/\/vueltacyl.clubciclistacadalsa.es\/fr\/wp-json\/wp\/v2\/pages\/75550\/revisions"}],"wp:attachment":[{"href":"https:\/\/vueltacyl.clubciclistacadalsa.es\/fr\/wp-json\/wp\/v2\/media?parent=75550"}],"curies":[{"name":"wp","href":"https:\/\/api.w.org\/{rel}","templated":true}]}}